{"id":2,"date":"2024-06-03T19:53:35","date_gmt":"2024-06-03T17:53:35","guid":{"rendered":"https:\/\/necromancer.pl\/?page_id=2"},"modified":"2024-08-26T19:09:04","modified_gmt":"2024-08-26T17:09:04","slug":"przykladowa-strona","status":"publish","type":"page","link":"https:\/\/necromancer.pl\/?page_id=2","title":{"rendered":"O mnie"},"content":{"rendered":"\n<p>Kim jestem ? Zwyk\u0142ym cz\u0142owiekiem, kt\u00f3ry ma swoje spojrzenie na \u015bwiat. <\/p>\n\n\n\n<p>Informacje kt\u00f3re tutaj b\u0119d\u0119 umieszcza\u0107 s\u0105 moimi opiniami i przemy\u015bleniami bardzo cz\u0119sto filozoficznymi. B\u0119d\u0119 stara\u0142 si\u0119 opiera\u0107 na faktach, ale w dzisiejszej dobie internetu nigdy nie masz pewno\u015bci czy wszystko co widzisz lub czytasz jest w 100% prawdziwe a co nie.<\/p>\n\n\n\n<p>Prosz\u0119 r\u00f3wnie\u017c pami\u0119ta\u0107 \u017ce nie zamierzam nikogo urazi\u0107 w \u017caden spos\u00f3b. A moje spojrzenie na \u015bwiat, religi\u0119, kultur\u0119, filozofi\u0119 i na wszystko co nas otacza to tylko i wy\u0142\u0105cznie moje zdanie do kt\u00f3rego mam prawo. A sprzeczne opinie pozwalaj\u0105 na i\u015b\u0107 naprz\u00f3d. <\/p>\n\n\n\n<p>Kontakt: admin@necromancer.pl<\/p>\n\n\n\n<p><\/p>\n","protected":false},"excerpt":{"rendered":"<p>Kim jestem ? Zwyk\u0142ym cz\u0142owiekiem, kt\u00f3ry ma swoje spojrzenie na \u015bwiat. Informacje kt\u00f3re tutaj b\u0119d\u0119 umieszcza\u0107 s\u0105 moimi opiniami i przemy\u015bleniami bardzo cz\u0119sto filozoficznymi. B\u0119d\u0119 stara\u0142 si\u0119 opiera\u0107 na faktach, ale w dzisiejszej dobie internetu nigdy nie masz pewno\u015bci czy wszystko co widzisz lub czytasz jest w 100% prawdziwe a co nie. Prosz\u0119 r\u00f3wnie\u017c pami\u0119ta\u0107 [&hellip;]<\/p>\n","protected":false},"author":1,"featured_media":0,"parent":0,"menu_order":0,"comment_status":"closed","ping_status":"open","template":"","meta":{"footnotes":""},"class_list":["post-2","page","type-page","status-publish","hentry"],"_links":{"self":[{"href":"https:\/\/necromancer.pl\/index.php?rest_route=\/wp\/v2\/pages\/2","targetHints":{"allow":["GET"]}}],"collection":[{"href":"https:\/\/necromancer.pl\/index.php?rest_route=\/wp\/v2\/pages"}],"about":[{"href":"https:\/\/necromancer.pl\/index.php?rest_route=\/wp\/v2\/types\/page"}],"author":[{"embeddable":true,"href":"https:\/\/necromancer.pl\/index.php?rest_route=\/wp\/v2\/users\/1"}],"replies":[{"embeddable":true,"href":"https:\/\/necromancer.pl\/index.php?rest_route=%2Fwp%2Fv2%2Fcomments&post=2"}],"version-history":[{"count":4,"href":"https:\/\/necromancer.pl\/index.php?rest_route=\/wp\/v2\/pages\/2\/revisions"}],"predecessor-version":[{"id":25,"href":"https:\/\/necromancer.pl\/index.php?rest_route=\/wp\/v2\/pages\/2\/revisions\/25"}],"wp:attachment":[{"href":"https:\/\/necromancer.pl\/index.php?rest_route=%2Fwp%2Fv2%2Fmedia&parent=2"}],"curies":[{"name":"wp","href":"https:\/\/api.w.org\/{rel}","templated":true}]}}